{"id":1583,"date":"2025-12-23T08:50:13","date_gmt":"2025-12-23T11:50:13","guid":{"rendered":"https:\/\/mpmprojetoseletricos.com.br\/?page_id=1583"},"modified":"2025-12-23T12:55:56","modified_gmt":"2025-12-23T15:55:56","slug":"direitos","status":"publish","type":"page","link":"https:\/\/mpmprojetoseletricos.com.br\/index.php\/direitos\/","title":{"rendered":"DIREITOS"},"content":{"rendered":"\t\t<div data-elementor-type=\"wp-page\" data-elementor-id=\"1583\" class=\"elementor elementor-1583\">\n\t\t\t\t<div class=\"elementor-element elementor-element-cce3b6f e-flex e-con-boxed wpr-particle-no wpr-jarallax-no wpr-parallax-no wpr-sticky-section-no wpr-equal-height-no e-con e-parent\" data-id=\"cce3b6f\" data-element_type=\"container\" data-e-type=\"container\">\n\t\t\t\t\t<div class=\"e-con-inner\">\n\t\t<div class=\"elementor-element elementor-element-81d14b0 e-con-full e-flex wpr-particle-no wpr-jarallax-no wpr-parallax-no wpr-sticky-section-no wpr-equal-height-no e-con e-child\" data-id=\"81d14b0\" data-element_type=\"container\" data-e-type=\"container\">\n\t\t\t\t<div class=\"elementor-element elementor-element-239655b wpr-main-menu-align-left wpr-main-menu-align--tabletleft wpr-main-menu-align--mobileleft wpr-pointer-underline wpr-pointer-line-fx wpr-pointer-fx-fade wpr-sub-icon-caret-down wpr-sub-menu-fx-fade wpr-nav-menu-bp-tablet wpr-mobile-menu-display-dropdown wpr-mobile-menu-full-width wpr-mobile-toggle-v1 wpr-sub-divider-yes wpr-mobile-divider-yes elementor-widget elementor-widget-wpr-mega-menu\" data-id=\"239655b\" data-element_type=\"widget\" data-e-type=\"widget\" data-settings=\"{&quot;menu_layout&quot;:&quot;horizontal&quot;}\" data-widget_type=\"wpr-mega-menu.default\">\n\t\t\t\t<div class=\"elementor-widget-container\">\n\t\t\t\t\t<nav class=\"wpr-nav-menu-container wpr-mega-menu-container wpr-nav-menu-horizontal\" data-trigger=\"hover\"><ul id=\"menu-1-239655b\" class=\"wpr-nav-menu wpr-mega-menu\"><li class=\"menu-item menu-item-type-post_type menu-item-object-page menu-item-home menu-item-1789\"><a href=\"https:\/\/mpmprojetoseletricos.com.br\/\" class=\"wpr-menu-item wpr-pointer-item\"><span>P\u00c1GINA INICIAL<\/span><\/a><\/li>\n<li class=\"menu-item menu-item-type-post_type menu-item-object-page menu-item-1790\"><a href=\"https:\/\/mpmprojetoseletricos.com.br\/index.php\/consultoria-eletrica\/\" class=\"wpr-menu-item wpr-pointer-item\"><span>CONSULTORIA EL\u00c9TRICA<\/span><\/a><\/li>\n<li class=\"menu-item menu-item-type-post_type menu-item-object-page menu-item-3183\"><a href=\"https:\/\/mpmprojetoseletricos.com.br\/index.php\/qualidade-de-energia\/\" class=\"wpr-menu-item wpr-pointer-item\"><span>QUALIDADE DE ENERGIA<\/span><\/a><\/li>\n<li class=\"menu-item menu-item-type-post_type menu-item-object-page menu-item-1792\"><a href=\"https:\/\/mpmprojetoseletricos.com.br\/index.php\/projetoseletricos\/\" class=\"wpr-menu-item wpr-pointer-item\"><span>PROJETOS EL\u00c9TRICOS<\/span><\/a><\/li>\n<li class=\"menu-item menu-item-type-post_type menu-item-object-page menu-item-1793\"><a href=\"https:\/\/mpmprojetoseletricos.com.br\/index.php\/termografia\/\" class=\"wpr-menu-item wpr-pointer-item\"><span>TERMOGRAFIA<\/span><\/a><\/li>\n<li class=\"menu-item menu-item-type-post_type menu-item-object-page menu-item-1794\"><a href=\"https:\/\/mpmprojetoseletricos.com.br\/index.php\/automacao-eletrica\/\" class=\"wpr-menu-item wpr-pointer-item\"><span>AUTOMA\u00c7\u00c3O EL\u00c9TRICA<\/span><\/a><\/li>\n<li class=\"menu-item menu-item-type-post_type menu-item-object-page menu-item-1791\"><a href=\"https:\/\/mpmprojetoseletricos.com.br\/index.php\/contato\/\" class=\"wpr-menu-item wpr-pointer-item\"><span>CONTATO<\/span><\/a><\/li>\n<li class=\"menu-item menu-item-type-post_type menu-item-object-page menu-item-2090\"><a href=\"https:\/\/mpmprojetoseletricos.com.br\/index.php\/protegido\/\" class=\"wpr-menu-item wpr-pointer-item\"><span>RESTRITO<\/span><\/a><\/li>\n<\/ul><\/nav><nav class=\"wpr-mobile-nav-menu-container\"><div class=\"wpr-mobile-toggle-wrap\"><div class=\"wpr-mobile-toggle\"><span class=\"wpr-mobile-toggle-line\"><\/span><span class=\"wpr-mobile-toggle-line\"><\/span><span class=\"wpr-mobile-toggle-line\"><\/span><\/div><\/div><div class=\"wpr-mobile-mega-menu-wrap \" toggle-backface=\"\"><ul id=\"mobile-menu-2-239655b\" class=\"wpr-mobile-nav-menu wpr-mobile-mega-menu\"><li class=\"menu-item menu-item-type-post_type menu-item-object-page menu-item-home menu-item-1789\"><a href=\"https:\/\/mpmprojetoseletricos.com.br\/\" class=\"wpr-mobile-menu-item\">P\u00c1GINA INICIAL<\/a><\/li>\n<li class=\"menu-item menu-item-type-post_type menu-item-object-page menu-item-1790\"><a href=\"https:\/\/mpmprojetoseletricos.com.br\/index.php\/consultoria-eletrica\/\" class=\"wpr-mobile-menu-item\">CONSULTORIA EL\u00c9TRICA<\/a><\/li>\n<li class=\"menu-item menu-item-type-post_type menu-item-object-page menu-item-3183\"><a href=\"https:\/\/mpmprojetoseletricos.com.br\/index.php\/qualidade-de-energia\/\" class=\"wpr-mobile-menu-item\">QUALIDADE DE ENERGIA<\/a><\/li>\n<li class=\"menu-item menu-item-type-post_type menu-item-object-page menu-item-1792\"><a href=\"https:\/\/mpmprojetoseletricos.com.br\/index.php\/projetoseletricos\/\" class=\"wpr-mobile-menu-item\">PROJETOS EL\u00c9TRICOS<\/a><\/li>\n<li class=\"menu-item menu-item-type-post_type menu-item-object-page menu-item-1793\"><a href=\"https:\/\/mpmprojetoseletricos.com.br\/index.php\/termografia\/\" class=\"wpr-mobile-menu-item\">TERMOGRAFIA<\/a><\/li>\n<li class=\"menu-item menu-item-type-post_type menu-item-object-page menu-item-1794\"><a href=\"https:\/\/mpmprojetoseletricos.com.br\/index.php\/automacao-eletrica\/\" class=\"wpr-mobile-menu-item\">AUTOMA\u00c7\u00c3O EL\u00c9TRICA<\/a><\/li>\n<li class=\"menu-item menu-item-type-post_type menu-item-object-page menu-item-1791\"><a href=\"https:\/\/mpmprojetoseletricos.com.br\/index.php\/contato\/\" class=\"wpr-mobile-menu-item\">CONTATO<\/a><\/li>\n<li class=\"menu-item menu-item-type-post_type menu-item-object-page menu-item-2090\"><a href=\"https:\/\/mpmprojetoseletricos.com.br\/index.php\/protegido\/\" class=\"wpr-mobile-menu-item\">RESTRITO<\/a><\/li>\n<\/ul><\/div><\/nav>\t\t\t\t<\/div>\n\t\t\t\t<\/div>\n\t\t\t\t<div class=\"elementor-element elementor-element-5e68321 elementor-widget elementor-widget-image\" data-id=\"5e68321\" data-element_type=\"widget\" data-e-type=\"widget\" data-widget_type=\"image.default\">\n\t\t\t\t<div class=\"elementor-widget-container\">\n\t\t\t\t\t\t\t\t\t\t\t\t\t\t\t<img fetchpriority=\"high\" decoding=\"async\" width=\"800\" height=\"252\" src=\"https:\/\/mpmprojetoseletricos.com.br\/wp-content\/uploads\/2025\/09\/MPM-PROJETOS-E-CONSULTORIA.jpg\" class=\"attachment-large size-large wp-image-724\" alt=\"\" srcset=\"https:\/\/mpmprojetoseletricos.com.br\/wp-content\/uploads\/2025\/09\/MPM-PROJETOS-E-CONSULTORIA.jpg 1002w, https:\/\/mpmprojetoseletricos.com.br\/wp-content\/uploads\/2025\/09\/MPM-PROJETOS-E-CONSULTORIA-300x95.jpg 300w, https:\/\/mpmprojetoseletricos.com.br\/wp-content\/uploads\/2025\/09\/MPM-PROJETOS-E-CONSULTORIA-768x242.jpg 768w\" sizes=\"(max-width: 800px) 100vw, 800px\" \/>\t\t\t\t\t\t\t\t\t\t\t\t\t\t\t<\/div>\n\t\t\t\t<\/div>\n\t\t\t\t<div class=\"elementor-element elementor-element-5be6250 elementor-widget elementor-widget-heading\" data-id=\"5be6250\" data-element_type=\"widget\" data-e-type=\"widget\" data-widget_type=\"heading.default\">\n\t\t\t\t<div class=\"elementor-widget-container\">\n\t\t\t\t\t<h2 class=\"elementor-heading-title elementor-size-default\"><span style=\", sans-serif;font-size: 18px;font-weight: 400;text-align: center\">\u201cViver \u00e9 enfrentar um problema atr\u00e1s do outro. O modo como voc\u00ea encara \u00e9 que faz a diferen\u00e7a\u201d<\/span><\/h2>\t\t\t\t<\/div>\n\t\t\t\t<\/div>\n\t\t\t\t<div class=\"elementor-element elementor-element-b59d733 elementor-widget elementor-widget-heading\" data-id=\"b59d733\" data-element_type=\"widget\" data-e-type=\"widget\" data-widget_type=\"heading.default\">\n\t\t\t\t<div class=\"elementor-widget-container\">\n\t\t\t\t\t<h2 class=\"elementor-heading-title elementor-size-default\"><span style=\", sans-serif;font-size: 18px;font-weight: 400;text-align: right\">- Benjamin Franklin.<\/span><\/h2>\t\t\t\t<\/div>\n\t\t\t\t<\/div>\n\t\t\t\t<div class=\"elementor-element elementor-element-1cc948f elementor-widget elementor-widget-heading\" data-id=\"1cc948f\" data-element_type=\"widget\" data-e-type=\"widget\" data-widget_type=\"heading.default\">\n\t\t\t\t<div class=\"elementor-widget-container\">\n\t\t\t\t\t<h2 class=\"elementor-heading-title elementor-size-default\">Direitos Autorais e Propriedade Intelectual<\/h2>\t\t\t\t<\/div>\n\t\t\t\t<\/div>\n\t\t\t\t<div class=\"elementor-element elementor-element-e7b1901 elementor-widget elementor-widget-heading\" data-id=\"e7b1901\" data-element_type=\"widget\" data-e-type=\"widget\" data-widget_type=\"heading.default\">\n\t\t\t\t<div class=\"elementor-widget-container\">\n\t\t\t\t\t<h2 class=\"elementor-heading-title elementor-size-default\">Todo o conte\u00fado deste site \u2014 incluindo textos, imagens, logotipos e design \u2014 \u00e9 de propriedade exclusiva da MPM Projetos El\u00e9tricos, protegido pelas leis brasileiras e internacionais de direitos autorais. \u00c9 proibida a reprodu\u00e7\u00e3o, c\u00f3pia ou distribui\u00e7\u00e3o de qualquer material sem autoriza\u00e7\u00e3o pr\u00e9via por escrito.<\/h2>\t\t\t\t<\/div>\n\t\t\t\t<\/div>\n\t\t\t\t<div class=\"elementor-element elementor-element-943484a elementor-widget elementor-widget-heading\" data-id=\"943484a\" data-element_type=\"widget\" data-e-type=\"widget\" data-widget_type=\"heading.default\">\n\t\t\t\t<div class=\"elementor-widget-container\">\n\t\t\t\t\t<h2 class=\"elementor-heading-title elementor-size-default\">Privacidade e Prote\u00e7\u00e3o de Dados<\/h2>\t\t\t\t<\/div>\n\t\t\t\t<\/div>\n\t\t\t\t<div class=\"elementor-element elementor-element-a066563 elementor-widget elementor-widget-heading\" data-id=\"a066563\" data-element_type=\"widget\" data-e-type=\"widget\" data-widget_type=\"heading.default\">\n\t\t\t\t<div class=\"elementor-widget-container\">\n\t\t\t\t\t<h2 class=\"elementor-heading-title elementor-size-default\">Em conformidade com a Lei Geral de Prote\u00e7\u00e3o de Dados (LGPD), informamos que:<\/p><ul data-path-to-node=\"13\"><li><p data-path-to-node=\"13,0,0\"><b data-path-to-node=\"13,0,0\" data-index-in-node=\"0\">Aus\u00eancia de Coleta:<\/b> Este site n\u00e3o solicita, armazena ou processa dados pessoais (como nome, e-mail, CPF ou endere\u00e7o) de seus usu\u00e1rios.<\/p><\/li><li><p data-path-to-node=\"13,1,0\"><b data-path-to-node=\"13,1,0\" data-index-in-node=\"0\">Cookies:<\/b> Utilizamos apenas cookies essenciais para o funcionamento t\u00e9cnico do site, que n\u00e3o identificam o usu\u00e1rio.<\/p><\/li><li><p data-path-to-node=\"13,2,0\"><b data-path-to-node=\"13,2,0\" data-index-in-node=\"0\">Links Externos:<\/b> Caso nosso site contenha links para terceiros, ressaltamos que n\u00e3o nos responsabilizamos pelas pol\u00edticas de privacidade de outros dom\u00ednios.<\/p><\/li><\/ul><\/h2>\t\t\t\t<\/div>\n\t\t\t\t<\/div>\n\t\t\t\t<\/div>\n\t\t\t\t\t<\/div>\n\t\t\t\t<\/div>\n\t\t<div class=\"elementor-element elementor-element-b3e39cf e-flex e-con-boxed wpr-particle-no wpr-jarallax-no wpr-parallax-no wpr-sticky-section-no wpr-equal-height-no e-con e-parent\" data-id=\"b3e39cf\" data-element_type=\"container\" data-e-type=\"container\">\n\t\t\t\t\t<div class=\"e-con-inner\">\n\t\t\t\t\t<\/div>\n\t\t\t\t<\/div>\n\t\t\t\t<\/div>\n\t\t","protected":false},"excerpt":{"rendered":"<p>P\u00c1GINA INICIAL CONSULTORIA EL\u00c9TRICA PROJETOS EL\u00c9TRICOS QUALIDADE DE ENERGIA TERMOGRAFIA AUTOMA\u00c7\u00c3O EL\u00c9TRICA CONTATO P\u00c1GINA INICIAL CONSULTORIA EL\u00c9TRICA PROJETOS EL\u00c9TRICOS QUALIDADE DE ENERGIA TERMOGRAFIA AUTOMA\u00c7\u00c3O EL\u00c9TRICA CONTATO \u201cViver \u00e9 enfrentar um problema atr\u00e1s do outro. O modo como voc\u00ea encara \u00e9 que faz a diferen\u00e7a\u201d &#8211; Benjamin Franklin. Direitos Autorais e Propriedade Intelectual Todo o conte\u00fado deste site \u2014 incluindo textos, imagens, logotipos e design \u2014 \u00e9 de propriedade exclusiva da MPM Projetos El\u00e9tricos, protegido pelas leis brasileiras e internacionais de direitos autorais. \u00c9 proibida a reprodu\u00e7\u00e3o, c\u00f3pia ou distribui\u00e7\u00e3o de qualquer material sem autoriza\u00e7\u00e3o pr\u00e9via por escrito. Privacidade e Prote\u00e7\u00e3o de Dados Em conformidade com a Lei Geral de Prote\u00e7\u00e3o de Dados (LGPD), informamos que: Aus\u00eancia de Coleta: Este site n\u00e3o solicita, armazena ou processa dados pessoais (como nome, e-mail, CPF ou endere\u00e7o) de seus usu\u00e1rios. Cookies: Utilizamos apenas cookies essenciais para o funcionamento t\u00e9cnico do site, que n\u00e3o identificam o usu\u00e1rio. Links Externos: Caso nosso site contenha links para terceiros, ressaltamos que n\u00e3o nos responsabilizamos pelas pol\u00edticas de privacidade de outros dom\u00ednios.<\/p>\n","protected":false},"author":1,"featured_media":0,"parent":0,"menu_order":0,"comment_status":"closed","ping_status":"closed","template":"","meta":{"footnotes":""},"class_list":["post-1583","page","type-page","status-publish","hentry"],"_links":{"self":[{"href":"https:\/\/mpmprojetoseletricos.com.br\/index.php\/wp-json\/wp\/v2\/pages\/1583","targetHints":{"allow":["GET"]}}],"collection":[{"href":"https:\/\/mpmprojetoseletricos.com.br\/index.php\/wp-json\/wp\/v2\/pages"}],"about":[{"href":"https:\/\/mpmprojetoseletricos.com.br\/index.php\/wp-json\/wp\/v2\/types\/page"}],"author":[{"embeddable":true,"href":"https:\/\/mpmprojetoseletricos.com.br\/index.php\/wp-json\/wp\/v2\/users\/1"}],"replies":[{"embeddable":true,"href":"https:\/\/mpmprojetoseletricos.com.br\/index.php\/wp-json\/wp\/v2\/comments?post=1583"}],"version-history":[{"count":7,"href":"https:\/\/mpmprojetoseletricos.com.br\/index.php\/wp-json\/wp\/v2\/pages\/1583\/revisions"}],"predecessor-version":[{"id":1885,"href":"https:\/\/mpmprojetoseletricos.com.br\/index.php\/wp-json\/wp\/v2\/pages\/1583\/revisions\/1885"}],"wp:attachment":[{"href":"https:\/\/mpmprojetoseletricos.com.br\/index.php\/wp-json\/wp\/v2\/media?parent=1583"}],"curies":[{"name":"wp","href":"https:\/\/api.w.org\/{rel}","templated":true}]}}